{"id":186,"date":"2015-07-30T14:35:18","date_gmt":"2015-07-30T12:35:18","guid":{"rendered":"http:\/\/localhost\/wordpress3_bildarchiv\/?page_id=186"},"modified":"2023-04-27T22:50:04","modified_gmt":"2023-04-27T22:50:04","slug":"bw-wittenberge","status":"publish","type":"page","link":"https:\/\/dampflokbildarchiv.de\/?page_id=186","title":{"rendered":"Bw Wittenberge"},"content":{"rendered":"<p style=\"text-align: center;\">Im Bw Wittenberge endete der Einsatz der BR 50 \u00d6l Ende 1981.<br \/>\nDie Maschinen wurden durch die kohlegefeuerte Variante ersetzt (BR 50.35).<br \/>\nDazu mussten andere Bahnbetriebwerke 50er nach Wittenberge abgeben,<br \/>\nwie z.B. das Bw Magdeburg (50 3685). Die verbliebenen betriebf\u00e4higen \u00d6l-50er<br \/>\nwurden nochmals im April 1982 f\u00fcr ca. 3 Wochen eingesetzt.<\/p>\n<div class=\"gallery2\">\n\n\t\t<style type=\"text\/css\">\n\t\t\t#gallery-1 {\n\t\t\t\tmargin: auto;\n\t\t\t}\n\t\t\t#gallery-1 .gallery-item {\n\t\t\t\tfloat: left;\n\t\t\t\tmargin-top: 10px;\n\t\t\t\ttext-align: center;\n\t\t\t\twidth: 100%;\n\t\t\t}\n\t\t\t#gallery-1 img {\n\t\t\t\tborder: 2px solid #cfcfcf;\n\t\t\t}\n\t\t\t#gallery-1 .gallery-caption {\n\t\t\t\tmargin-left: 0;\n\t\t\t}\n\t\t\t\/* see gallery_shortcode() in wp-includes\/media.php *\/\n\t\t<\/style>\n\t\t<div id='gallery-1' class='gallery galleryid-186 gallery-columns-1 gallery-size-large'><dl class='gallery-item'>\n\t\t\t<dt class='gallery-icon portrait'>\n\t\t\t\t<a href='https:\/\/dampflokbildarchiv.de\/?attachment_id=1159'><img loading=\"lazy\" decoding=\"async\" width=\"259\" height=\"400\" src=\"https:\/\/dampflokbildarchiv.de\/wp-content\/uploads\/2015\/07\/1129-50-3638-Bw-Wittenberge_01-259x400.jpg\" class=\"attachment-large size-large\" alt=\"\" srcset=\"https:\/\/dampflokbildarchiv.de\/wp-content\/uploads\/2015\/07\/1129-50-3638-Bw-Wittenberge_01-259x400.jpg 259w, https:\/\/dampflokbildarchiv.de\/wp-content\/uploads\/2015\/07\/1129-50-3638-Bw-Wittenberge_01-259x400-194x300.jpg 194w\" sizes=\"auto, (max-width: 259px) 100vw, 259px\" \/><\/a>\n\t\t\t<\/dt><\/dl><br style=\"clear: both\" \/>\n\t\t<\/div>\n\n<\/div>\n<p style=\"text-align: center;\">50 3638 in Wittenberge im August 1982<\/p>\n","protected":false},"excerpt":{"rendered":"<p>Im Bw Wittenberge endete der Einsatz der BR 50 \u00d6l Ende 1981. Die Maschinen wurden durch die kohlegefeuerte Variante ersetzt (BR 50.35). Dazu mussten andere Bahnbetriebwerke 50er nach Wittenberge abgeben, wie z.B. das Bw Magdeburg (50 3685). Die verbliebenen betriebf\u00e4higen \u00d6l-50er wurden nochmals im April 1982 f\u00fcr ca. 3 Wochen eingesetzt. 50 3638 in Wittenberge [&hellip;]<\/p>\n","protected":false},"author":1,"featured_media":0,"parent":0,"menu_order":0,"comment_status":"open","ping_status":"open","template":"","meta":{"footnotes":""},"class_list":["post-186","page","type-page","status-publish","hentry"],"_links":{"self":[{"href":"https:\/\/dampflokbildarchiv.de\/index.php?rest_route=\/wp\/v2\/pages\/186","targetHints":{"allow":["GET"]}}],"collection":[{"href":"https:\/\/dampflokbildarchiv.de\/index.php?rest_route=\/wp\/v2\/pages"}],"about":[{"href":"https:\/\/dampflokbildarchiv.de\/index.php?rest_route=\/wp\/v2\/types\/page"}],"author":[{"embeddable":true,"href":"https:\/\/dampflokbildarchiv.de\/index.php?rest_route=\/wp\/v2\/users\/1"}],"replies":[{"embeddable":true,"href":"https:\/\/dampflokbildarchiv.de\/index.php?rest_route=%2Fwp%2Fv2%2Fcomments&post=186"}],"version-history":[{"count":2,"href":"https:\/\/dampflokbildarchiv.de\/index.php?rest_route=\/wp\/v2\/pages\/186\/revisions"}],"predecessor-version":[{"id":1857,"href":"https:\/\/dampflokbildarchiv.de\/index.php?rest_route=\/wp\/v2\/pages\/186\/revisions\/1857"}],"wp:attachment":[{"href":"https:\/\/dampflokbildarchiv.de\/index.php?rest_route=%2Fwp%2Fv2%2Fmedia&parent=186"}],"curies":[{"name":"wp","href":"https:\/\/api.w.org\/{rel}","templated":true}]}}