{"id":142,"date":"2015-07-30T10:19:45","date_gmt":"2015-07-30T08:19:45","guid":{"rendered":"http:\/\/localhost\/wordpress3_bildarchiv\/?page_id=142"},"modified":"2023-04-27T22:51:57","modified_gmt":"2023-04-27T22:51:57","slug":"startseite","status":"publish","type":"page","link":"https:\/\/dampflokbildarchiv.de\/","title":{"rendered":"Startseite"},"content":{"rendered":"<p style=\"text-align: center;\">Seit 1979 fotografiere ich Eisenbahnen und Dampfloks. Bis heute sind eine<br \/>\nVielzahl Fotos entstanden, von denen ich einen kleinen Teil auf meiner<br \/>\nHomepage\u00a0pr\u00e4sentieren m\u00f6chte. Im Herbst 1980, endete der planm\u00e4\u00dfige Einsatz<br \/>\nder formsch\u00f6nen zweizylindrigen Reko 03 der DR, Anla\u00df genug\u00a0mit einigen Bildern<br \/>\nan die letzten Eins\u00e4tze auf der Strecke K\u00f6then-Aken zu erinnern.<\/p>\n\n\t\t<style type=\"text\/css\">\n\t\t\t#gallery-1 {\n\t\t\t\tmargin: auto;\n\t\t\t}\n\t\t\t#gallery-1 .gallery-item {\n\t\t\t\tfloat: left;\n\t\t\t\tmargin-top: 10px;\n\t\t\t\ttext-align: center;\n\t\t\t\twidth: 100%;\n\t\t\t}\n\t\t\t#gallery-1 img {\n\t\t\t\tborder: 2px solid #cfcfcf;\n\t\t\t}\n\t\t\t#gallery-1 .gallery-caption {\n\t\t\t\tmargin-left: 0;\n\t\t\t}\n\t\t\t\/* see gallery_shortcode() in wp-includes\/media.php *\/\n\t\t<\/style>\n\t\t<div id='gallery-1' class='gallery galleryid-142 gallery-columns-1 gallery-size-large'><dl class='gallery-item'>\n\t\t\t<dt class='gallery-icon landscape'>\n\t\t\t\t<a href='https:\/\/dampflokbildarchiv.de\/?attachment_id=1149'><img loading=\"lazy\" decoding=\"async\" width=\"400\" height=\"264\" src=\"https:\/\/dampflokbildarchiv.de\/wp-content\/uploads\/2015\/07\/03-002-40_T_Ru_20-09-1980_A_141-400x264.jpg\" class=\"attachment-large size-large\" alt=\"\" srcset=\"https:\/\/dampflokbildarchiv.de\/wp-content\/uploads\/2015\/07\/03-002-40_T_Ru_20-09-1980_A_141-400x264.jpg 400w, https:\/\/dampflokbildarchiv.de\/wp-content\/uploads\/2015\/07\/03-002-40_T_Ru_20-09-1980_A_141-400x264-300x198.jpg 300w\" sizes=\"auto, (max-width: 400px) 100vw, 400px\" \/><\/a>\n\t\t\t<\/dt><\/dl><br style=\"clear: both\" \/>\n\t\t<\/div>\n\n<p style=\"text-align: center;\">03 002 in Aken im August 1980<\/p>\n","protected":false},"excerpt":{"rendered":"<p>Seit 1979 fotografiere ich Eisenbahnen und Dampfloks. Bis heute sind eine Vielzahl Fotos entstanden, von denen ich einen kleinen Teil auf meiner Homepage\u00a0pr\u00e4sentieren m\u00f6chte. Im Herbst 1980, endete der planm\u00e4\u00dfige Einsatz der formsch\u00f6nen zweizylindrigen Reko 03 der DR, Anla\u00df genug\u00a0mit einigen Bildern an die letzten Eins\u00e4tze auf der Strecke K\u00f6then-Aken zu erinnern. 03 002 in [&hellip;]<\/p>\n","protected":false},"author":1,"featured_media":0,"parent":0,"menu_order":0,"comment_status":"open","ping_status":"open","template":"","meta":{"footnotes":""},"class_list":["post-142","page","type-page","status-publish","hentry"],"_links":{"self":[{"href":"https:\/\/dampflokbildarchiv.de\/index.php?rest_route=\/wp\/v2\/pages\/142","targetHints":{"allow":["GET"]}}],"collection":[{"href":"https:\/\/dampflokbildarchiv.de\/index.php?rest_route=\/wp\/v2\/pages"}],"about":[{"href":"https:\/\/dampflokbildarchiv.de\/index.php?rest_route=\/wp\/v2\/types\/page"}],"author":[{"embeddable":true,"href":"https:\/\/dampflokbildarchiv.de\/index.php?rest_route=\/wp\/v2\/users\/1"}],"replies":[{"embeddable":true,"href":"https:\/\/dampflokbildarchiv.de\/index.php?rest_route=%2Fwp%2Fv2%2Fcomments&post=142"}],"version-history":[{"count":6,"href":"https:\/\/dampflokbildarchiv.de\/index.php?rest_route=\/wp\/v2\/pages\/142\/revisions"}],"predecessor-version":[{"id":1863,"href":"https:\/\/dampflokbildarchiv.de\/index.php?rest_route=\/wp\/v2\/pages\/142\/revisions\/1863"}],"wp:attachment":[{"href":"https:\/\/dampflokbildarchiv.de\/index.php?rest_route=%2Fwp%2Fv2%2Fmedia&parent=142"}],"curies":[{"name":"wp","href":"https:\/\/api.w.org\/{rel}","templated":true}]}}