{"id":12,"date":"2015-05-13T13:14:27","date_gmt":"2015-05-13T11:14:27","guid":{"rendered":"http:\/\/localhost\/wordpress3_bildarchiv\/?page_id=12"},"modified":"2023-04-27T22:49:38","modified_gmt":"2023-04-27T22:49:38","slug":"bw-salzwedel","status":"publish","type":"page","link":"https:\/\/dampflokbildarchiv.de\/?page_id=12","title":{"rendered":"Bw Salzwedel"},"content":{"rendered":"<p style=\"text-align: center;\">W\u00e4rend die 41er des Bw Oebisfelde zu Beginn der 80er Jahre haupts\u00e4chlich f\u00fcr die<br \/>\nBespannung der G\u00fcterz\u00fcge nach Magdeburg und Wustermark eingesetzt wurden<br \/>\n\u00fcbernahmen\u00a0die Salzwedeler 50er zahlreiche Zugleistungen auf den Nebenstrecken nach<br \/>\nWittenberge und Oebisfelde sowie auf der Haupstrecke nach Stendal.<\/p>\n\n\t\t<style type=\"text\/css\">\n\t\t\t#gallery-1 {\n\t\t\t\tmargin: auto;\n\t\t\t}\n\t\t\t#gallery-1 .gallery-item {\n\t\t\t\tfloat: left;\n\t\t\t\tmargin-top: 10px;\n\t\t\t\ttext-align: center;\n\t\t\t\twidth: 100%;\n\t\t\t}\n\t\t\t#gallery-1 img {\n\t\t\t\tborder: 2px solid #cfcfcf;\n\t\t\t}\n\t\t\t#gallery-1 .gallery-caption {\n\t\t\t\tmargin-left: 0;\n\t\t\t}\n\t\t\t\/* see gallery_shortcode() in wp-includes\/media.php *\/\n\t\t<\/style>\n\t\t<div id='gallery-1' class='gallery galleryid-12 gallery-columns-1 gallery-size-large'><dl class='gallery-item'>\n\t\t\t<dt class='gallery-icon landscape'>\n\t\t\t\t<a href='https:\/\/dampflokbildarchiv.de\/?attachment_id=1166'><img loading=\"lazy\" decoding=\"async\" width=\"400\" height=\"259\" src=\"https:\/\/dampflokbildarchiv.de\/wp-content\/uploads\/2015\/05\/50-3626-22_T_Ru_07-08-1982__02-400x259.jpg\" class=\"attachment-large size-large\" alt=\"\" srcset=\"https:\/\/dampflokbildarchiv.de\/wp-content\/uploads\/2015\/05\/50-3626-22_T_Ru_07-08-1982__02-400x259.jpg 400w, https:\/\/dampflokbildarchiv.de\/wp-content\/uploads\/2015\/05\/50-3626-22_T_Ru_07-08-1982__02-400x259-300x194.jpg 300w\" sizes=\"auto, (max-width: 400px) 100vw, 400px\" \/><\/a>\n\t\t\t<\/dt><\/dl><br style=\"clear: both\" \/>\n\t\t<\/div>\n\n<p style=\"text-align: center;\">50 3626 im Bw Salzwedel am 07.08.1982<\/p>\n","protected":false},"excerpt":{"rendered":"<p>W\u00e4rend die 41er des Bw Oebisfelde zu Beginn der 80er Jahre haupts\u00e4chlich f\u00fcr die Bespannung der G\u00fcterz\u00fcge nach Magdeburg und Wustermark eingesetzt wurden \u00fcbernahmen\u00a0die Salzwedeler 50er zahlreiche Zugleistungen auf den Nebenstrecken nach Wittenberge und Oebisfelde sowie auf der Haupstrecke nach Stendal. 50 3626 im Bw Salzwedel am 07.08.1982<\/p>\n","protected":false},"author":1,"featured_media":0,"parent":0,"menu_order":0,"comment_status":"open","ping_status":"open","template":"","meta":{"footnotes":""},"class_list":["post-12","page","type-page","status-publish","hentry"],"_links":{"self":[{"href":"https:\/\/dampflokbildarchiv.de\/index.php?rest_route=\/wp\/v2\/pages\/12","targetHints":{"allow":["GET"]}}],"collection":[{"href":"https:\/\/dampflokbildarchiv.de\/index.php?rest_route=\/wp\/v2\/pages"}],"about":[{"href":"https:\/\/dampflokbildarchiv.de\/index.php?rest_route=\/wp\/v2\/types\/page"}],"author":[{"embeddable":true,"href":"https:\/\/dampflokbildarchiv.de\/index.php?rest_route=\/wp\/v2\/users\/1"}],"replies":[{"embeddable":true,"href":"https:\/\/dampflokbildarchiv.de\/index.php?rest_route=%2Fwp%2Fv2%2Fcomments&post=12"}],"version-history":[{"count":3,"href":"https:\/\/dampflokbildarchiv.de\/index.php?rest_route=\/wp\/v2\/pages\/12\/revisions"}],"predecessor-version":[{"id":1855,"href":"https:\/\/dampflokbildarchiv.de\/index.php?rest_route=\/wp\/v2\/pages\/12\/revisions\/1855"}],"wp:attachment":[{"href":"https:\/\/dampflokbildarchiv.de\/index.php?rest_route=%2Fwp%2Fv2%2Fmedia&parent=12"}],"curies":[{"name":"wp","href":"https:\/\/api.w.org\/{rel}","templated":true}]}}